{"id":3,"date":"2025-06-11T13:24:42","date_gmt":"2025-06-11T11:24:42","guid":{"rendered":"https:\/\/www.oasidisanfrancescorc.it\/?page_id=3"},"modified":"2025-06-13T20:35:24","modified_gmt":"2025-06-13T18:35:24","slug":"privacy-policy","status":"publish","type":"page","link":"https:\/\/www.oasidisanfrancescorc.it\/?page_id=3","title":{"rendered":"Privacy Policy"},"content":{"rendered":"\t\t<div data-elementor-type=\"wp-page\" data-elementor-id=\"3\" class=\"elementor elementor-3\">\n\t\t\t\t<div class=\"elementor-element elementor-element-7a24d476 e-flex e-con-boxed e-con e-parent\" data-id=\"7a24d476\" data-element_type=\"container\">\n\t\t\t\t\t<div class=\"e-con-inner\">\n\t\t\t\t<div class=\"elementor-element elementor-element-7866da1c elementor-widget elementor-widget-text-editor\" data-id=\"7866da1c\" data-element_type=\"widget\" data-widget_type=\"text-editor.default\">\n\t\t\t\t<div class=\"elementor-widget-container\">\n\t\t\t\t\t\t\t\t\t\n<h2 class=\"wp-block-heading\">Informativa privacy ai sensi degli artt. 13-14 del Regolamento Europeo \u201cPrivacy\u201d (GDPR)<\/h2>\n<p>I dati personali da Lei inseriti, sono trattati dal proprietario del sito Casa di riposo &#8220;Oasi di San Francesco&#8221; &#8211; Via Gebbione, 47 &#8211; 89132 Reggio Calabria &#8211; Italia, in qualit\u00e0 di Titolare, per finalit\u00e0 connesse alla fornitura dei servizi da Lei richiesti (a titolo esemplificativo: richiedere informazioni, ottenere preventivi, effettuare una prenotazione).<\/p>\n<p>Inoltre, i dati da Lei forniti, potrebbero essere trattati, solo su Suo esplicito consenso, al fine di inviarLe comunicazioni di natura commerciale via email o sms relativamente ai servizi offerti dal Titolare.<\/p>\n<p>Nel primo caso, la base giuridica del trattamento \u00e8 l\u2019esecuzione di un accordo; nel secondo caso \u00e8 il consenso. I trattamenti avverranno con modalit\u00e0 elettroniche e verranno messi a disposizione delle terze parti (Responsabili Esterni del trattamento) nell\u2019ambito dell\u2019Unione Europea o in Paesi extra UE, regolarmente contrattualizzate e che offrono adeguate garanzie di sicurezza, necessarie per la fornitura di servizi essenziali al soddisfacimento delle Sue esigenze. Tali Responsabili Esterni, il cui elenco \u00e8 disponibile dietro richiesta, possono appartenere a categorie di soggetti che supportano il Titolare nell\u2019erogazione dei servizi offerti tramite il presente sito (quali, a titolo esemplificativo: sviluppatori software e gestori di siti web, spedizionieri).<\/p>\n<p>Nel caso di richiesta di cancellazione dei suoi dati, La informiamo che potrebbe non essere pi\u00f9 possibile continuare a fornirLe il servizio richiestoci.<\/p>\n<p>La informiamo, infine, che potr\u00e0 proporre reclamo all\u2019Autorit\u00e0 Garante per la Protezione dei Dati, qualora ritenesse siano stati violati i suoi diritti.<\/p>\n<h2 class=\"wp-block-heading\">\u00a0<\/h2>\n<h2>***********************************<\/h2>\n<h2 class=\"wp-block-heading\">\u00a0<\/h2>\n<h2>COOKIE POLICY<\/h2>\n<p>Questo Sito utilizza cookie tecnici (ovvero cookie necessari), che utilizzeremo noi e terze parti, utili rispettivamente per consentire alcune funzionalit\u00e0 fondamentali per il Sito, per ottenere misurazioni delle perfomance del Sito stesso.<\/p>\n<p>Per accettare, rifiutare o selezionale i cookie in base alle finalit\u00e0, utilizza i comandi presenti nel popup banner per la gestione dei cookie.<\/p>\n<h2 class=\"wp-block-heading\">\u00a0<\/h2>\n<p>In particolare, per sapere quali cookie vengono installati tramite il presente sito ed esprimere le tue preferenze a riguardo, seleziona il comando \u201c \u201cDettagli\u201d dove \u00e8 possibile anche visualizzare i singoli cookie rilasciati in ogni categoria. Per selezionare le finalit\u00e0 di tuo interesse utilizza il box riportato nel banner, e clicca su \u201cPersonalizza\u201d per confermare le tue preferenze.<\/p>\n<h2 class=\"wp-block-heading\">\u00a0<\/h2>\n<p>Le tue preferenze verranno registrate in un\u2019apposita piattaforma di gestione del consenso ai cookie (la &#8220;CMP&#8221;), sviluppata in conformit\u00e0 ai principi della normativa sul trattamento dei dati personali applicabile secondo le linee guida per consentire all\u2019utente di esercitare le sue scelte in maniera granulare. La CMP consente di prestare o negare il consenso a varie tipologie di cookie, che sono identificate e classificate sulla base delle finalit\u00e0 per le quali i cookie vengono rilasciati e utilizzati, rendendo pi\u00f9 semplice ed immediato il loro riconoscimento.<\/p>\n<h2 class=\"wp-block-heading\">\u00a0<\/h2>\n<p>Puoi in qualunque momento revocare o modificare il consenso rilasciato, cliccando sulla relativa icona di accesso alla CPM che apparir\u00e0 sul Sito. Tale icona verr\u00e0 visualizzata in basso a sinistra, una volta che avrai espresso le tue preferenze tramite il pop up banner visualizzato, nel momento in cui accedi al Sito stesso.<\/p>\n<h2 class=\"wp-block-heading\">\u00a0<\/h2>\n<p>I cookies utilizzati in questo Sito rientrano nelle categorie descritte di seguito.<\/p>\n<h3>Cosa sono i cookies<\/h3>\n<p>I cookies sono piccoli file di testo che vengono automaticamente posizionati sul PC del navigatore all&#8217;interno del browser. Essi contengono informazioni di base sulla navigazione in Internet e grazie al browser vengono riconosciuti ogni volta che l&#8217;utente visita il sito.<br \/>Di seguito vengono forniti dettagli sui cookie installati da questo sito e indicazioni su come gestire le preferenze in merito ad essi.<\/p>\n<h3>A cosa servono i cookies<\/h3>\n<p>I cookie sono utili in quanto consentono di memorizzare le preferenze di navigazione dell\u2019utente e quindi personalizzare il sito, secondo le sue esigenze migliorando le esperienze di navigazione degli utenti. I cookie possono ad esempio rendere pi\u00f9 immediato l\u2019utilizzo del Sito e\/o abilitare determinate funzionalit\u00e0. Ad esempio, i cookie possono permettere di evitare di reinserire le stesse informazioni pi\u00f9 volte durante la visita. In determinati casi, inoltre, i cookie possono fare in modo che le pubblicit\u00e0 visualizzate online siano pi\u00f9 adeguate all\u2019utente o pertinenti ai suoi interessi. Alcuni cookie sono necessari alla corretta erogazione del Sito o utili per una fruizione personalizzata degli stessi; in questo caso, la loro inibizione potrebbe compromettere alcune funzionalit\u00e0 dei Sito. Inoltre, grazie ai cookie, si possono pubblicare sul Sito stesso, direttamente o tramite terzi, inserzioni pubblicitarie in linea con i tuoi interessi, dedotti sulla base delle tue attivit\u00e0 online e delle tue abitudini di navigazione.<\/p>\n<h3>Quali categorie di cookie sono utilizzate sul Sito<\/h3>\n<h4>1 &#8211; Cookie tecnici ovvero necessari<\/h4>\n<p>I cookie tecnici descritti qui di seguito non richiedono consenso e pertanto vengono installati automaticamente a seguito dell\u2019accesso al sito.<\/p>\n<h2 class=\"wp-block-heading\">\u00a0<\/h2>\n<p><b>&#8211; Cookie necessari al funzionamento:\u00a0<\/b>cookies che permettono al sito di funzionare correttamente anche consentendo all\u2019utente di avere un\u2019esperienza di navigazione funzionale. Ad esempio, mantengono l&#8217;utente collegato durante la navigazione evitando che il sito richieda di collegarsi pi\u00f9 volte per accedere alle pagine successive.<\/p>\n<h2 class=\"wp-block-heading\">\u00a0<\/h2>\n<p><b>&#8211; Cookie Statistici e di Misurazione dell&#8217;audience:\u00a0<\/b>cookie che aiutano a capire, attraverso dati raccolti in forma anonima e aggregata, come gli utenti interagiscono con il Sito internet fornendo informazioni relative alle sezioni visitate, il tempo trascorso sul sito, eventuali malfunzionamenti.<\/p>\n<h2 class=\"wp-block-heading\">\u00a0<\/h2>\n<p>Per esempio, in alcuni casi i cookie di Google Analytics utilizzati da questo sito, sono stati resi anonimi e quindi sono equivalenti a cookie tecnici.<\/p>\n<h4>2 \u2013 Cookie Funzionali<\/h4>\n<p>In questa categoria rientrano i cookie che permettono di ricordare le preferenze selezionate durante la navigazione, ad esempio, consentono di impostare la lingua. Questi cookie sono rilasciati soltanto su richiesta dell\u2019utente e mediante suo preventivo consenso. L&#8217;utente \u00e8 libero di prestare il proprio consenso all&#8217;installazione dei cookie funzionali e revocarlo in qualsiasi momento, tramite la CMP, senza che la possibilit\u00e0 di visitare il Sito e fruire dei suoi contenuti sia compromessa; tuttavia, se non acconsentissi a questi cookie potrebbe essere pregiudicato l\u2019utilizzo di alcune funzionalit\u00e0.<br \/>Puoi accedere, in qualunque momento, alla CMP tramite l\u2019icona presente sul Sito, dove troverai il riepilogo dei consensi rilasciati che potrai modificare cliccando sul pulsante \u201cModifica consenso\u201d; a questo punto si aprir\u00e0 una schermata che ti permette di modificare le tue preferenze scegliendo le categorie di tuo interesse e tramite il pulsante \u201cDettagli\u201d puoi conoscere quali cookie funzionali sono rilasciati sul Sito, la loro finalit\u00e0 e la durata. Una volta fatta la tua scelta, per confermarla clicca sul pulsante \u201cPersonalizza\u201d.<\/p>\n<h4>3 \u2013 Cookie Analitici<\/h4>\n<p>I cookie di questa categoria vengono utilizzati per raccogliere informazioni statistiche, in forma non aggregata, sull&#8217;uso del Sito da parte degli utenti che accedono al Sito stesso e sul modo in cui questi navigano sul Sito.<br \/>Come previsto dalla normativa applicabile, per l&#8217;installazione di cookie analitici di terze parti \u00e8 richiesto il preventivo consenso dell&#8217;utente. Nel caso in cui presti il tuo consenso all&#8217;installazione dei cookie analitici, il Titolare terr\u00e0 traccia di tale consenso attraverso un cookie tecnico specifico. In questo modo, sar\u00e0 possibile evitare di riproporre il cookie banner durante le future visite al Sito. Puoi accedere, in qualunque momento, alla CMP tramite l\u2019icona presente sul Sito, dove troverai il riepilogo dei consensi rilasciati che potrai modificare cliccando sul pulsante \u201cModifica consenso\u201d; a questo punto si aprir\u00e0 una schermata che ti permette di modificare le tue preferenze scegliendo le categorie di tuo interesse e tramite il pulsante \u201cDettagli\u201d puoi conoscere quali cookie analitici sono rilasciati sul Sito ed ottenere cos\u00ec tutte le informazioni necessarie. Una volta fatta la tua scelta, per confermarla clicca sul pulsante \u201cPersonalizza\u201d.<\/p>\n<h4>4 \u2013 Cookie di Profilazione<\/h4>\n<p>I cookie di profilazione vengono utilizzati per raggruppare gli utenti in categorie omogenee in base, ad esempio, alle preferenze dell&#8217;utente. Tali cookie possono essere utilizzati, tra l\u2019altro, per inviare messaggi pubblicitari conformi al comportamento dell\u2019utente in rete ed ai suoi interessi di navigazione. In conformit\u00e0 con la normativa applicabile, \u00e8 necessario il previo consenso degli utenti per l&#8217;installazione dei cookie di profilazione. L\u2019utente \u00e8 libero di prestare il proprio consenso all&#8217;installazione dei cookie di profilazione e revocarlo in qualsiasi momento, tramite la CMP senza che la possibilit\u00e0 di visitare il Sito e fruire dei suoi contenuti sia compromessa. Nel caso in cui l\u2019utente presti il suo consenso all&#8217;installazione dei cookie di profilazione, il Titolare terr\u00e0 traccia di tale consenso attraverso un cookie tecnico specifico. In questo modo, sar\u00e0 possibile evitare di riproporre il cookie banner durante le future visite al Sito.<br \/>I cookie di profilazione sono installati dal Titolare e da soggetti terzi, che agiscono in qualit\u00e0 di autonomi titolari del trattamento dei dati (cookie di terze parti).<br \/>Puoi accedere, in qualunque momento, alla CMP tramite l\u2019icona presente sul Sito, dove troverai il riepilogo dei consensi rilasciati che potrai modificare cliccando sul pulsante \u201cModifica consenso\u201d; a questo punto si aprir\u00e0 una schermata che ti permette di modificare le tue preferenze scegliendo le categorie di tuo interesse e tramite il pulsante \u201cDettagli\u201d di ottenere maggiori informazioni sulle terze parti che installano i cookie di profilazione, sui singoli cookie rilasciati e sulla loro durata. Una volta fatta la tua scelta, per confermarla clicca sul pulsante \u201cPersonalizza\u201d.<\/p>\n<p>\u00a0<\/p>\n<h3>Ricordati che puoi gestire le tue preferenze sui cookie anche attraverso il browser<\/h3>\n<p>Si riportano di seguito istruzioni di maggior dettaglio per la gestione dei cookie da parte dell\u2019utente per i browser pi\u00f9 diffusi. I produttori dei browser potrebbero aggiornare o modificare i riferimenti dei link sottostanti di volta in volta, per cui si raccomanda di verificare sempre le istruzioni fornite dai produttori dei browser di navigazione utilizzati per comprendere come impostare i cookie.<\/p>\n<h2 class=\"wp-block-heading\">\u00a0<\/h2>\n<p><em>Se si utilizza il browser Edge<\/em><\/p>\n<ul>\n<li>\u2022 Per sapere come gestire i cookie, eliminarli, bloccarli, selezionarli tramite le impostazioni di questo browser si pu\u00f2 consultare il seguente link:\u00a0<a href=\"https:\/\/support.microsoft.com\/it-it\/microsoft-edge\/eliminare-i-cookie-in-microsoft-edge-63947406-40ac-c3b8-57b9-2a946a29ae09\">https:\/\/support.microsoft.com\/it-it\/microsoft-edge\/eliminare-i-cookie-in-microsoft-edge-63947406-40ac-c3b8-57b9-2a946a29ae09<\/a>.<\/li>\n<\/ul>\n<p>\u00a0<\/p>\n<h2 class=\"wp-block-heading\">\u00a0<\/h2>\n<p><em>Se si utilizza il browser Firefox<\/em><\/p>\n<ul>\n<li>\u2022 Per sapere come gestire i cookie tramite le impostazioni di questo browser:\u00a0<a href=\"https:\/\/support.mozilla.org\/it\/kb\/Gestione%20dei%20cookie\" target=\"_blank\" rel=\"noopener\">https:\/\/support.mozilla.org\/it\/kb\/Gestione%20dei%20cookie<\/a>.<\/li>\n<li>\u2022 Per sapere come gestire il pannello delle impostazioni privacy e inibire il tracciamento delle tue attivit\u00e0 in rete:\u00a0<a href=\"https:\/\/support.mozilla.org\/it\/kb\/Impostazioni%20di%20Firefox%20-%20pannello%20Privacy\" target=\"_blank\" rel=\"noopener\">https:\/\/support.mozilla.org\/it\/kb\/Impostazioni%20di%20Firefox%20-%20pannello%20Privacy<\/a>.<\/li>\n<li>\u2022 Per sapere come attivare e disattivare i cookie:\u00a0<a href=\"https:\/\/support.mozilla.org\/it\/kb\/Attivare%20e%20disattivare%20i%20cookie\" target=\"_blank\" rel=\"noopener\">https:\/\/support.mozilla.org\/it\/kb\/Attivare%20e%20disattivare%20i%20cookie<\/a>.<\/li>\n<li>\u2022 Per sapere come eliminare i cookie:\u00a0<a href=\"https:\/\/support.mozilla.org\/it\/kb\/Eliminare%20i%20cookie\" target=\"_blank\" rel=\"noopener\">https:\/\/support.mozilla.org\/it\/kb\/Eliminare%20i%20cookie<\/a>.<\/li>\n<li>\u2022 Per sapere come bloccare i cookie:\u00a0<a href=\"https:\/\/support.mozilla.org\/it\/kb\/Bloccare%20i%20cookie\" target=\"_blank\" rel=\"noopener\">https:\/\/support.mozilla.org\/it\/kb\/Bloccare%20i%20cookie<\/a>.<\/li>\n<li>\u2022 Per sapere come disattivare solo i cookie di terza parte:\u00a0<a href=\"https:\/\/support.mozilla.org\/it\/kb\/Disattivare%20i%20cookie%20di%20terze%20parti\" target=\"_blank\" rel=\"noopener\">https:\/\/support.mozilla.org\/it\/kb\/Disattivare%20i%20cookie%20di%20terze%20parti<\/a>.<\/li>\n<\/ul>\n<p>\u00a0<\/p>\n<h2 class=\"wp-block-heading\">\u00a0<\/h2>\n<p><em>Se si utilizza il browser Safari<\/em><\/p>\n<ul>\n<li>\u2022 Per sapere come gestire i cookie tramite le impostazioni di questo browser:\u00a0<a href=\"https:\/\/support.apple.com\/it-it\/guide\/deployment\/depf7d5714d4\/web\" target=\"_blank\" rel=\"noopener\">https:\/\/support.apple.com\/it-it\/guide\/deployment\/depf7d5714d4\/web<\/a>.<\/li>\n<\/ul>\n<p>\u00a0<\/p>\n<h2 class=\"wp-block-heading\">\u00a0<\/h2>\n<p><em>Se si utilizza il browser Google Chrome<\/em><\/p>\n<ul>\n<li>\u2022 Per sapere come gestire i cookie tramite le impostazioni di questo browser:\u00a0<a href=\"https:\/\/policies.google.com\/technologies\/cookies?hl=it&amp;gl=it#managing-cookies\" target=\"_blank\" rel=\"noopener\">https:\/\/policies.google.com\/technologies\/cookies?hl=it&amp;gl=it#managing-cookies<\/a>.<\/li>\n<li>\u2022 Per sapere come attivare la modalit\u00e0 di navigazione in incognito:\u00a0<a href=\"https:\/\/support.google.com\/chrome\/answer\/95464?hl=it\" target=\"_blank\" rel=\"noopener\">https:\/\/support.google.com\/chrome\/answer\/95464?hl=it<\/a>.<\/li>\n<li>\u2022 Per sapere come eliminare i cookie, bloccarli eventualmente anche in modo selettivo, ricevere notifiche sulle tue impostazioni relative ai cookie:\u00a0<a href=\"https:\/\/support.google.com\/chrome\/answer\/95647?hl=it\" target=\"_blank\" rel=\"noopener\">https:\/\/support.google.com\/chrome\/answer\/95647?hl=it<\/a>.<\/li>\n<\/ul>\n<p>\u00a0<\/p>\n<h2 class=\"wp-block-heading\">\u00a0<\/h2>\n<p>Ultimo aggiornamento: 06\/06\/2023.<\/p>\t\t\t\t\t\t\t\t<\/div>\n\t\t\t\t<\/div>\n\t\t\t\t\t<\/div>\n\t\t\t\t<\/div>\n\t\t\t\t<\/div>\n\t\t","protected":false},"excerpt":{"rendered":"<p>Informativa privacy ai sensi degli artt. 13-14 del Regolamento Europeo \u201cPrivacy\u201d (GDPR) I dati personali da Lei inseriti, sono trattati [&hellip;]<\/p>\n","protected":false},"author":1,"featured_media":0,"parent":0,"menu_order":0,"comment_status":"closed","ping_status":"open","template":"","meta":{"site-sidebar-layout":"default","site-content-layout":"","ast-site-content-layout":"","site-content-style":"default","site-sidebar-style":"default","ast-global-header-display":"","ast-banner-title-visibility":"","ast-main-header-display":"","ast-hfb-above-header-display":"","ast-hfb-below-header-display":"","ast-hfb-mobile-header-display":"","site-post-title":"","ast-breadcrumbs-content":"","ast-featured-img":"","footer-sml-layout":"","theme-transparent-header-meta":"","adv-header-id-meta":"","stick-header-meta":"","header-above-stick-meta":"","header-main-stick-meta":"","header-below-stick-meta":"","astra-migrate-meta-layouts":"default","ast-page-background-enabled":"default","ast-page-background-meta":{"desktop":{"background-color":"var(--ast-global-color-5)","background-image":"","background-repeat":"repeat","background-position":"center center","background-size":"auto","background-attachment":"scroll","background-type":"","background-media":"","overlay-type":"","overlay-color":"","overlay-opacity":"","overlay-gradient":""},"tablet":{"background-color":"","background-image":"","background-repeat":"repeat","background-position":"center center","background-size":"auto","background-attachment":"scroll","background-type":"","background-media":"","overlay-type":"","overlay-color":"","overlay-opacity":"","overlay-gradient":""},"mobile":{"background-color":"","background-image":"","background-repeat":"repeat","background-position":"center center","background-size":"auto","background-attachment":"scroll","background-type":"","background-media":"","overlay-type":"","overlay-color":"","overlay-opacity":"","overlay-gradient":""}},"ast-content-background-meta":{"desktop":{"background-color":"var(--ast-global-color-4)","background-image":"","background-repeat":"repeat","background-position":"center center","background-size":"auto","background-attachment":"scroll","background-type":"","background-media":"","overlay-type":"","overlay-color":"","overlay-opacity":"","overlay-gradient":""},"tablet":{"background-color":"var(--ast-global-color-4)","background-image":"","background-repeat":"repeat","background-position":"center center","background-size":"auto","background-attachment":"scroll","background-type":"","background-media":"","overlay-type":"","overlay-color":"","overlay-opacity":"","overlay-gradient":""},"mobile":{"background-color":"var(--ast-global-color-4)","background-image":"","background-repeat":"repeat","background-position":"center center","background-size":"auto","background-attachment":"scroll","background-type":"","background-media":"","overlay-type":"","overlay-color":"","overlay-opacity":"","overlay-gradient":""}},"footnotes":""},"class_list":["post-3","page","type-page","status-publish","hentry"],"_links":{"self":[{"href":"https:\/\/www.oasidisanfrancescorc.it\/index.php?rest_route=\/wp\/v2\/pages\/3","targetHints":{"allow":["GET"]}}],"collection":[{"href":"https:\/\/www.oasidisanfrancescorc.it\/index.php?rest_route=\/wp\/v2\/pages"}],"about":[{"href":"https:\/\/www.oasidisanfrancescorc.it\/index.php?rest_route=\/wp\/v2\/types\/page"}],"author":[{"embeddable":true,"href":"https:\/\/www.oasidisanfrancescorc.it\/index.php?rest_route=\/wp\/v2\/users\/1"}],"replies":[{"embeddable":true,"href":"https:\/\/www.oasidisanfrancescorc.it\/index.php?rest_route=%2Fwp%2Fv2%2Fcomments&post=3"}],"version-history":[{"count":4,"href":"https:\/\/www.oasidisanfrancescorc.it\/index.php?rest_route=\/wp\/v2\/pages\/3\/revisions"}],"predecessor-version":[{"id":340,"href":"https:\/\/www.oasidisanfrancescorc.it\/index.php?rest_route=\/wp\/v2\/pages\/3\/revisions\/340"}],"wp:attachment":[{"href":"https:\/\/www.oasidisanfrancescorc.it\/index.php?rest_route=%2Fwp%2Fv2%2Fmedia&parent=3"}],"curies":[{"name":"wp","href":"https:\/\/api.w.org\/{rel}","templated":true}]}}